{"id":129,"date":"2023-05-17T06:18:51","date_gmt":"2023-05-17T05:18:51","guid":{"rendered":"https:\/\/syrc.hu\/?page_id=129"},"modified":"2023-05-23T20:34:10","modified_gmt":"2023-05-23T19:34:10","slug":"kapcsolat","status":"publish","type":"page","link":"https:\/\/syrc.hu\/eng\/kapcsolat\/","title":{"rendered":"Contact"},"content":{"rendered":"\t\t<div data-elementor-type=\"wp-page\" data-elementor-id=\"129\" class=\"elementor elementor-129\" data-elementor-post-type=\"page\">\n\t\t\t\t\t\t<section class=\"elementor-section elementor-top-section elementor-element elementor-element-cb383bd elementor-section-boxed elementor-section-height-default elementor-section-height-default\" data-id=\"cb383bd\" data-element_type=\"section\" data-e-type=\"section\" data-settings=\"{&quot;background_background&quot;:&quot;classic&quot;}\">\n\t\t\t\t\t\t\t<div class=\"elementor-background-overlay\"><\/div>\n\t\t\t\t\t\t\t<div class=\"elementor-container elementor-column-gap-no\">\n\t\t\t\t\t<div class=\"elementor-column elementor-col-100 elementor-top-column elementor-element elementor-element-70fc0a7d\" data-id=\"70fc0a7d\" data-element_type=\"column\" data-e-type=\"column\">\n\t\t\t<div class=\"elementor-widget-wrap elementor-element-populated\">\n\t\t\t\t\t\t<div class=\"elementor-element elementor-element-795c7ef2 elementor-icon-list--layout-inline elementor-align-center elementor-list-item-link-full_width elementor-invisible elementor-widget elementor-widget-icon-list\" data-id=\"795c7ef2\" data-element_type=\"widget\" data-e-type=\"widget\" data-settings=\"{&quot;_animation&quot;:&quot;zoomIn&quot;}\" data-widget_type=\"icon-list.default\">\n\t\t\t\t<div class=\"elementor-widget-container\">\n\t\t\t\t\t\t\t<ul class=\"elementor-icon-list-items elementor-inline-items\">\n\t\t\t\t\t\t\t<li class=\"elementor-icon-list-item elementor-inline-item\">\n\t\t\t\t\t\t\t\t\t\t<span class=\"elementor-icon-list-text\">Home<\/span>\n\t\t\t\t\t\t\t\t\t<\/li>\n\t\t\t\t\t\t\t\t<li class=\"elementor-icon-list-item elementor-inline-item\">\n\t\t\t\t\t\t\t\t\t\t\t<span class=\"elementor-icon-list-icon\">\n\t\t\t\t\t\t\t<i aria-hidden=\"true\" class=\"fas fa-angle-right\"><\/i>\t\t\t\t\t\t<\/span>\n\t\t\t\t\t\t\t\t\t\t<span class=\"elementor-icon-list-text\"><\/span>\n\t\t\t\t\t\t\t\t\t<\/li>\n\t\t\t\t\t\t<\/ul>\n\t\t\t\t\t\t<\/div>\n\t\t\t\t<\/div>\n\t\t\t\t\t<\/div>\n\t\t<\/div>\n\t\t\t\t\t<\/div>\n\t\t<\/section>\n\t\t\t\t<section class=\"elementor-section elementor-top-section elementor-element elementor-element-a8c3e58 elementor-section-boxed elementor-section-height-default elementor-section-height-default\" data-id=\"a8c3e58\" data-element_type=\"section\" data-e-type=\"section\">\n\t\t\t\t\t\t<div class=\"elementor-container elementor-column-gap-no\">\n\t\t\t\t\t<div class=\"elementor-column elementor-col-50 elementor-top-column elementor-element elementor-element-4218b73\" data-id=\"4218b73\" data-element_type=\"column\" data-e-type=\"column\">\n\t\t\t<div class=\"elementor-widget-wrap elementor-element-populated\">\n\t\t\t\t\t\t<div class=\"elementor-element elementor-element-5d35f2c elementor-invisible elementor-widget elementor-widget-button\" data-id=\"5d35f2c\" data-element_type=\"widget\" data-e-type=\"widget\" data-settings=\"{&quot;_animation&quot;:&quot;fadeInDown&quot;}\" data-widget_type=\"button.default\">\n\t\t\t\t<div class=\"elementor-widget-container\">\n\t\t\t\t\t\t\t\t\t<div class=\"elementor-button-wrapper\">\n\t\t\t\t\t<a class=\"elementor-button elementor-button-link elementor-size-sm\" href=\"#\">\n\t\t\t\t\t\t<span class=\"elementor-button-content-wrapper\">\n\t\t\t\t\t\t<span class=\"elementor-button-icon\">\n\t\t\t\t<i aria-hidden=\"true\" class=\"fas fa-angle-double-left\"><\/i>\t\t\t<\/span>\n\t\t\t\t\t\t\t\t\t<span class=\"elementor-button-text\">Contact<\/span>\n\t\t\t\t\t<\/span>\n\t\t\t\t\t<\/a>\n\t\t\t\t<\/div>\n\t\t\t\t\t\t\t\t<\/div>\n\t\t\t\t<\/div>\n\t\t\t\t<div class=\"elementor-element elementor-element-7e2e437 elementor-invisible elementor-widget elementor-widget-heading\" data-id=\"7e2e437\" data-element_type=\"widget\" data-e-type=\"widget\" data-settings=\"{&quot;_animation&quot;:&quot;fadeInUp&quot;}\" data-widget_type=\"heading.default\">\n\t\t\t\t<div class=\"elementor-widget-container\">\n\t\t\t\t\t<h2 class=\"elementor-heading-title elementor-size-default\">Contact details<\/h2>\t\t\t\t<\/div>\n\t\t\t\t<\/div>\n\t\t\t\t<div class=\"elementor-element elementor-element-b93a949 elementor-invisible elementor-widget elementor-widget-heading\" data-id=\"b93a949\" data-element_type=\"widget\" data-e-type=\"widget\" data-settings=\"{&quot;_animation&quot;:&quot;fadeInUp&quot;}\" data-widget_type=\"heading.default\">\n\t\t\t\t<div class=\"elementor-widget-container\">\n\t\t\t\t\t<h4 class=\"elementor-heading-title elementor-size-default\">Send a message<\/h4>\t\t\t\t<\/div>\n\t\t\t\t<\/div>\n\t\t\t\t<div class=\"elementor-element elementor-element-fb969a2 elementor-widget elementor-widget-text-editor\" data-id=\"fb969a2\" data-element_type=\"widget\" data-e-type=\"widget\" data-widget_type=\"text-editor.default\">\n\t\t\t\t<div class=\"elementor-widget-container\">\n\t\t\t\t\t\t\t\t\t<div id=\"quform-a6a391\" class=\"quform quform-1 quform-support-page-caching\"><form id=\"quform-form-a6a391\" class=\"quform-form quform-form-1\" action=\"\/eng\/wp-json\/wp\/v2\/pages\/129#quform-a6a391\" method=\"post\" enctype=\"multipart\/form-data\" novalidate=\"novalidate\" data-options=\"{&quot;id&quot;:1,&quot;uniqueId&quot;:&quot;a6a391&quot;,&quot;theme&quot;:&quot;&quot;,&quot;ajax&quot;:true,&quot;logic&quot;:{&quot;logic&quot;:[],&quot;dependents&quot;:[],&quot;elementIds&quot;:[],&quot;dependentElementIds&quot;:[],&quot;animate&quot;:true},&quot;currentPageId&quot;:1,&quot;errorsIcon&quot;:&quot;&quot;,&quot;updateFancybox&quot;:true,&quot;hasPages&quot;:false,&quot;pages&quot;:[1],&quot;pageProgressType&quot;:&quot;numbers&quot;,&quot;tooltipsEnabled&quot;:true,&quot;tooltipClasses&quot;:&quot;qtip-quform-dark qtip-shadow&quot;,&quot;tooltipMy&quot;:&quot;left center&quot;,&quot;tooltipAt&quot;:&quot;right center&quot;,&quot;isRtl&quot;:false,&quot;scrollOffset&quot;:-50,&quot;scrollSpeed&quot;:800}\"><button class=\"quform-default-submit\" name=\"quform_submit\" type=\"submit\" value=\"submit\" aria-hidden=\"true\" tabindex=\"-1\"><\/button><div class=\"quform-form-inner quform-form-inner-1\"><input type=\"hidden\" name=\"quform_form_id\" value=\"1\" \/><input type=\"hidden\" name=\"quform_form_uid\" value=\"a6a391\" \/><input type=\"hidden\" name=\"quform_count\" value=\"1\" \/><input type=\"hidden\" name=\"form_url\" value=\"https:\/\/syrc.hu\/eng\/wp-json\/wp\/v2\/pages\/129\" \/><input type=\"hidden\" name=\"referring_url\" value=\"\" \/><input type=\"hidden\" name=\"post_id\" value=\"\" \/><input type=\"hidden\" name=\"post_title\" value=\"\" \/><input type=\"hidden\" name=\"quform_current_page_id\" value=\"1\" \/><input type=\"hidden\" name=\"quform_csrf_token\" value=\"2e8nYpWf6UcQavNhc2J7bqwOlJRX6ojzj6yoEevy\" \/><div class=\"quform-elements quform-elements-1 quform-cf quform-responsive-elements-phone-landscape\"><div class=\"quform-element quform-element-page quform-page-1 quform-page-1_1 quform-cf quform-group-style-plain quform-first-page quform-last-page quform-current-page\"><div class=\"quform-child-elements\"><div class=\"quform-element quform-element-text quform-element-1_3 quform-cf quform-element-optional\"><div class=\"quform-spacer\"><div class=\"quform-label quform-label-1_3\"><label class=\"quform-label-text\" for=\"quform_1_3_a6a391\">Name<\/label><\/div><div class=\"quform-inner quform-inner-text quform-inner-1_3\"><div class=\"quform-input quform-input-text quform-input-1_3 quform-cf\"><input type=\"text\" id=\"quform_1_3_a6a391\" name=\"quform_1_3\" class=\"quform-field quform-field-text quform-field-1_3\" \/><\/div><\/div><\/div><\/div><div class=\"quform-element quform-element-email quform-element-1_4 quform-cf quform-element-required\"><div class=\"quform-spacer\"><div class=\"quform-label quform-label-1_4\"><label class=\"quform-label-text\" for=\"quform_1_4_a6a391\">Email<span class=\"quform-required\">*<\/span><\/label><\/div><div class=\"quform-inner quform-inner-email quform-inner-1_4\"><div class=\"quform-input quform-input-email quform-input-1_4 quform-cf\"><input type=\"email\" id=\"quform_1_4_a6a391\" name=\"quform_1_4\" class=\"quform-field quform-field-email quform-field-1_4\" \/><\/div><\/div><\/div><\/div><div class=\"quform-element quform-element-text quform-element-1_5 quform-cf quform-element-optional\"><div class=\"quform-spacer\"><div class=\"quform-label quform-label-1_5\"><label class=\"quform-label-text\" for=\"quform_1_5_a6a391\">Phone number<\/label><\/div><div class=\"quform-inner quform-inner-text quform-inner-1_5\"><div class=\"quform-input quform-input-text quform-input-1_5 quform-cf\"><input type=\"text\" id=\"quform_1_5_a6a391\" name=\"quform_1_5\" class=\"quform-field quform-field-text quform-field-1_5\" \/><\/div><\/div><\/div><\/div><div class=\"quform-element quform-element-text quform-element-1_6 quform-cf quform-element-optional\"><div class=\"quform-spacer\"><div class=\"quform-label quform-label-1_6\"><label class=\"quform-label-text\" for=\"quform_1_6_a6a391\">Subject<\/label><\/div><div class=\"quform-inner quform-inner-text quform-inner-1_6\"><div class=\"quform-input quform-input-text quform-input-1_6 quform-cf\"><input type=\"text\" id=\"quform_1_6_a6a391\" name=\"quform_1_6\" class=\"quform-field quform-field-text quform-field-1_6\" \/><\/div><\/div><\/div><\/div><div class=\"quform-element quform-element-textarea quform-element-1_7 quform-cf quform-element-optional\"><div class=\"quform-spacer\"><div class=\"quform-label quform-label-1_7\"><label class=\"quform-label-text\" for=\"quform_1_7_a6a391\">Message<\/label><\/div><div class=\"quform-inner quform-inner-textarea quform-inner-1_7\"><div class=\"quform-input quform-input-textarea quform-input-1_7 quform-cf\"><textarea id=\"quform_1_7_a6a391\" name=\"quform_1_7\" class=\"quform-field quform-field-textarea quform-field-1_7\"><\/textarea><\/div><\/div><\/div><\/div><div class=\"quform-element quform-element-captcha quform-element-1_8 quform-cf quform-element-required\"><div class=\"quform-spacer\"><div class=\"quform-label quform-label-1_8\"><label class=\"quform-label-text\" for=\"quform_1_8_a6a391\">Please type in the characters<span class=\"quform-required\">*<\/span><\/label><\/div><div class=\"quform-inner quform-inner-captcha quform-inner-1_8\"><div class=\"quform-input quform-input-captcha quform-input-1_8 quform-cf\"><input type=\"text\" id=\"quform_1_8_a6a391\" name=\"quform_1_8\" class=\"quform-field quform-field-captcha quform-field-1_8\" \/><\/div><div class=\"quform-captcha quform-cf\"><div class=\"quform-captcha-image quform-captcha-image-1_8\"><img decoding=\"async\" class=\"quform-captcha-image-img\" src=\"data:image\/png;base64,iVBORw0KGgoAAAANSUhEUgAAAOYAAABQBAMAAAD\/1xTgAAAAG1BMVEX\/\/\/8iIiLj4+PHx8esrKw9PT10dHRZWVmQkJDrl\/26AAAACXBIWXMAAA7EAAAOxAGVKw4bAAADw0lEQVRoge1YS0\/bQBB2bMfOkQEc5+iUhHKMSWl7TCCgHHHF60hoQ3skQoUeYxBVfnZnd\/zYtbHTWKFSpf0OibOP+XZnvp1ZR9MUFBQUFBQUFBQUFBT+GfTDNzD68fxiUNx7Ejjrp7QAwOkV9daxt7CzMkK0Clv0bE7hoic5s42d87Xy6ePFglEC+c8M8NEdis60nRDu1knJOQjcf2H0wxNWNajDaWWCnVE2LvqMKA5nxGlKC4hhwWZVymO0dSM3+RHF3YR8WwM48\/YynHoHtitSdvMb0GPPNrukoRBc\/ByKw\/QX1l+NEu27t0EsT0IDzf0aTVn8+rxhxr1oi\/GcpAJbGTY0PYyXK7ahK1tk9poa6MEUOO2cplZAyA6ZJa+4TRxol4SpAwzwyxA4JnCm7VFzgunj7eLob1YRuNy6tM9hotbNmLNHX7FFAxyPjbsWZhkkAe3lWhuP+iXcJmzrH4524IvY6BOHkeHUUk6LC6AmHVBSnmtBs8FjLa5HAk7GsDnPUmObnJbsU8tx1mFDY+6RDqh+gHL8igveBSFr5lEnLTie2BgFshvHUwv4GnSRk6W9RuaA2owHt\/C0YJovTBi4Jef2O0i+ZVkI64kRJLqdcApBQ7WoQZIBOm2bOQNnWdDSiyhZ6OaadiBN5lnIeQzSVOFzR1lZ36J9yZiJCmJKOsX+krTo85OI4RcyTJLek5XY\/Cz5KadN0Zpk8hdOYEV3A91XUnJ8WtBQKIWoOjfijD2Oa6J86yVjmsSZTov2XQcHTYZlpbVNMvGFk4YKmpPy3JgCnS\/XFZITLuVqNhCszcDz4QGjGpRlqFrMma6LcWq7GE03NRcXt8SVE+aD9wAgHdEQBhMYo34y4pIRHbFQyGLo29a+po+kNGZM4fJZ4OyCc\/iZJ4G5MApDFECHJYVWCadJvaIvuIach2cvN1jgpEQHgXwxbMM9uLjJUtmyEMyZk8RKOIzyxLcSTorwfeYQ1qGFwQTwy29K6KQfv+Wc0IiPClY5EbpUR07OL56yxmyefmYwkwtOFkaQy33xhQvkqByLJ\/Z1sNXe8XJeOkzbzQrBSnOCVKuC\/CUmtwFgrgiXX1qM8UIyhFOu9t\/1x7PMRmE5p86vK35JTSlA4sBP8oUnXO5bHLPFa9Wql21IKlS48huJeduLLxEVOdtQrr8idFaeFSQvY\/5bvHm9CpS6y+8qnaDqZXJltKlkP\/xcLpm1wRTOZ+WXoFVxkFAWv2WvHS8x583ysWvDHrsrwuVb\/C9SAr3f3\/+3jAoKCgoK\/y3+AES7kVwpV3LPAAAAAElFTkSuQmCC\" alt=\"CAPTCHA image\" data-element-id=\"8\" width=\"115\" height=\"40\" \/><\/div><\/div><p class=\"quform-description quform-description-below\">Help us to prevent spam. Thank you!<\/p><\/div><\/div><\/div><div class=\"quform-element quform-element-checkbox quform-element-1_9 quform-cf quform-element-required\"><div class=\"quform-spacer\"><div class=\"quform-label quform-label-1_9\"><label class=\"quform-label-text\" id=\"quform_1_9_a6a391_label\"> <span class=\"quform-required\">*<\/span><\/label><\/div><div class=\"quform-inner quform-inner-checkbox quform-inner-1_9\"><div class=\"quform-input quform-input-checkbox quform-input-1_9 quform-cf\"><div class=\"quform-options quform-cf quform-options-block quform-options-simple\" role=\"group\" aria-labelledby=\"quform_1_9_a6a391_label\"><div class=\"quform-option\"><input type=\"checkbox\" name=\"quform_1_9[]\" id=\"quform_1_9_a6a391_1\" class=\"quform-field quform-field-checkbox quform-field-1_9 quform-field-1_9_1\" value=\"I accept that by sending my message my data will be stored on the site.\" \/><label for=\"quform_1_9_a6a391_1\" class=\"quform-option-label quform-option-label-1_9_1\"><span class=\"quform-option-text\">I accept that by sending my message my data will be stored on the site.<\/span><\/label><\/div><\/div><\/div><\/div><\/div><\/div><div class=\"quform-element quform-element-submit quform-element-1_2 quform-cf quform-button-style-theme\"><div class=\"quform-button-submit quform-button-submit-default quform-button-submit-1_2\"><button name=\"quform_submit\" type=\"submit\" class=\"quform-submit\" value=\"submit\"><span class=\"quform-button-text quform-button-submit-text\">Send<\/span><\/button><\/div><div class=\"quform-loading quform-loading-position-left quform-loading-type-spinner-1\"><div class=\"quform-loading-inner\"><div class=\"quform-loading-spinner\"><div class=\"quform-loading-spinner-inner\"><\/div><\/div><\/div><\/div><\/div><div class=\"quform-element-tree\"><label for=\"quform_1_0_a6a391\">This field should be left blank<\/label><input type=\"text\" id=\"quform_1_0_a6a391\" name=\"quform_1_0\" class=\"quform-field quform-field-tree quform-field-1_0\" tabindex=\"-1\" autocomplete=\"off\" \/><\/div><\/div><\/div><\/div><\/div><\/form><\/div>\t\t\t\t\t\t\t\t<\/div>\n\t\t\t\t<\/div>\n\t\t\t\t\t<\/div>\n\t\t<\/div>\n\t\t\t\t<div class=\"elementor-column elementor-col-50 elementor-top-column elementor-element elementor-element-e93ee96\" data-id=\"e93ee96\" data-element_type=\"column\" data-e-type=\"column\">\n\t\t\t<div class=\"elementor-widget-wrap elementor-element-populated\">\n\t\t\t\t\t\t<div class=\"elementor-element elementor-element-ffb336b elementor-widget elementor-widget-spacer\" data-id=\"ffb336b\" data-element_type=\"widget\" data-e-type=\"widget\" data-widget_type=\"spacer.default\">\n\t\t\t\t<div class=\"elementor-widget-container\">\n\t\t\t\t\t\t\t<div class=\"elementor-spacer\">\n\t\t\t<div class=\"elementor-spacer-inner\"><\/div>\n\t\t<\/div>\n\t\t\t\t\t\t<\/div>\n\t\t\t\t<\/div>\n\t\t\t\t<div class=\"elementor-element elementor-element-65e7ca3 elementor-invisible elementor-widget elementor-widget-heading\" data-id=\"65e7ca3\" data-element_type=\"widget\" data-e-type=\"widget\" data-settings=\"{&quot;_animation&quot;:&quot;fadeInUp&quot;}\" data-widget_type=\"heading.default\">\n\t\t\t\t<div class=\"elementor-widget-container\">\n\t\t\t\t\t<h3 class=\"elementor-heading-title elementor-size-default\">How can we help?<\/h3>\t\t\t\t<\/div>\n\t\t\t\t<\/div>\n\t\t\t\t<section class=\"elementor-section elementor-inner-section elementor-element elementor-element-417fed2 elementor-section-boxed elementor-section-height-default elementor-section-height-default\" data-id=\"417fed2\" data-element_type=\"section\" data-e-type=\"section\">\n\t\t\t\t\t\t<div class=\"elementor-container elementor-column-gap-no\">\n\t\t\t\t\t<div class=\"elementor-column elementor-col-100 elementor-inner-column elementor-element elementor-element-bbfb6f8\" data-id=\"bbfb6f8\" data-element_type=\"column\" data-e-type=\"column\">\n\t\t\t<div class=\"elementor-widget-wrap elementor-element-populated\">\n\t\t\t\t\t\t<div class=\"elementor-element elementor-element-ef39339 elementor-widget__width-initial elementor-widget elementor-widget-heading\" data-id=\"ef39339\" data-element_type=\"widget\" data-e-type=\"widget\" data-widget_type=\"heading.default\">\n\t\t\t\t<div class=\"elementor-widget-container\">\n\t\t\t\t\t<h4 class=\"elementor-heading-title elementor-size-default\">Why choose us?<\/h4>\t\t\t\t<\/div>\n\t\t\t\t<\/div>\n\t\t\t\t<div class=\"elementor-element elementor-element-72a2479 elementor-invisible elementor-widget elementor-widget-text-editor\" data-id=\"72a2479\" data-element_type=\"widget\" data-e-type=\"widget\" data-settings=\"{&quot;_animation&quot;:&quot;fadeInUp&quot;}\" data-widget_type=\"text-editor.default\">\n\t\t\t\t<div class=\"elementor-widget-container\">\n\t\t\t\t\t\t\t\t\t<p>&#8211; More than 200 security guards.<br \/>&#8211; Nationwide coverage.<br \/>&#8211; 24-hour turnaround.<br \/>&#8211; Full responsibility.<br \/>&#8211; Correct pricing.<\/p>\t\t\t\t\t\t\t\t<\/div>\n\t\t\t\t<\/div>\n\t\t\t\t\t<\/div>\n\t\t<\/div>\n\t\t\t\t\t<\/div>\n\t\t<\/section>\n\t\t\t\t<section class=\"elementor-section elementor-inner-section elementor-element elementor-element-9477e29 elementor-section-boxed elementor-section-height-default elementor-section-height-default\" data-id=\"9477e29\" data-element_type=\"section\" data-e-type=\"section\">\n\t\t\t\t\t\t<div class=\"elementor-container elementor-column-gap-no\">\n\t\t\t\t\t<div class=\"elementor-column elementor-col-100 elementor-inner-column elementor-element elementor-element-ec42a9d\" data-id=\"ec42a9d\" data-element_type=\"column\" data-e-type=\"column\">\n\t\t\t<div class=\"elementor-widget-wrap elementor-element-populated\">\n\t\t\t\t\t\t<div class=\"elementor-element elementor-element-e8f9854 elementor-widget__width-initial elementor-widget elementor-widget-heading\" data-id=\"e8f9854\" data-element_type=\"widget\" data-e-type=\"widget\" data-widget_type=\"heading.default\">\n\t\t\t\t<div class=\"elementor-widget-container\">\n\t\t\t\t\t<h4 class=\"elementor-heading-title elementor-size-default\"><a href=\"#\">Our references<\/a><\/h4>\t\t\t\t<\/div>\n\t\t\t\t<\/div>\n\t\t\t\t<div class=\"elementor-element elementor-element-236c239 elementor-invisible elementor-widget elementor-widget-text-editor\" data-id=\"236c239\" data-element_type=\"widget\" data-e-type=\"widget\" data-settings=\"{&quot;_animation&quot;:&quot;fadeInUp&quot;}\" data-widget_type=\"text-editor.default\">\n\t\t\t\t<div class=\"elementor-widget-container\">\n\t\t\t\t\t\t\t\t\t<p>Budapest G\u00e9p\u00e9szeti Centrum Tanint\u00e9zm\u00e9nye (\u0151rz\u00e9s \u00e9s takar\u00edt\u00e1s)<br \/>Forr\u00e1s Nyrt.<br \/>Foriglo Kft.<br \/>KNB Fuente Kft.<br \/>Kiving Kft.<br \/>Adventum Ingatlan Befektet\u00e9si Alap<br \/>Multilux Kft.<br \/>Duoverzio Kft.<br \/>ISD Portolan Kft.<br \/>Ibaro Kft.<br \/>Budapest G\u00e9p\u00e9szeti Centrum<br \/>K\u00e1ro Kft.<br \/>Super Office Center Kft.<br \/>Bellis Eg\u00e9szs\u00e9gt\u00e1r Kft.<br \/>Arx \u00c9pit\u00e9sz Kft.<br \/>Mikrosat Kft.<br \/>Buxsline Kft.<br \/>H\u00f6rich \u00dcgyv\u00e9di iroda<br \/>CMC D\u00e9li Klinika napi takar\u00edt\u00e1s<br \/>Science Park irodah\u00e1z \u0151rz\u00e9s<br \/>H\u00e1sz \u00c9pit\u00f6ipari kft \u0151rz\u00e9s<br \/>Patella kft orvosi seg\u00e9deszk\u00f6z forgalmaz\u00f3 \u0151rz\u00e9se<\/p>\t\t\t\t\t\t\t\t<\/div>\n\t\t\t\t<\/div>\n\t\t\t\t\t<\/div>\n\t\t<\/div>\n\t\t\t\t\t<\/div>\n\t\t<\/section>\n\t\t\t\t\t<\/div>\n\t\t<\/div>\n\t\t\t\t\t<\/div>\n\t\t<\/section>\n\t\t\t\t<\/div>\n\t\t","protected":false},"excerpt":{"rendered":"<p>Home Contact Contact details Send a message How can we help? Why choose us? &#8211; More than 200 security guards.&#8211; Nationwide coverage.&#8211; 24-hour turnaround.&#8211; Full responsibility.&#8211; Correct pricing. Our references Budapest G\u00e9p\u00e9szeti Centrum Tanint\u00e9zm\u00e9nye (\u0151rz\u00e9s \u00e9s takar\u00edt\u00e1s)Forr\u00e1s Nyrt.Foriglo Kft.KNB Fuente Kft.Kiving Kft.Adventum Ingatlan Befektet\u00e9si AlapMultilux Kft.Duoverzio Kft.ISD Portolan Kft.Ibaro Kft.Budapest G\u00e9p\u00e9szeti CentrumK\u00e1ro Kft.Super Office Center [&hellip;]<\/p>\n","protected":false},"author":1,"featured_media":0,"parent":0,"menu_order":0,"comment_status":"closed","ping_status":"closed","template":"elementor_header_footer","meta":{"footnotes":""},"class_list":["post-129","page","type-page","status-publish","hentry"],"_links":{"self":[{"href":"https:\/\/syrc.hu\/eng\/wp-json\/wp\/v2\/pages\/129","targetHints":{"allow":["GET"]}}],"collection":[{"href":"https:\/\/syrc.hu\/eng\/wp-json\/wp\/v2\/pages"}],"about":[{"href":"https:\/\/syrc.hu\/eng\/wp-json\/wp\/v2\/types\/page"}],"author":[{"embeddable":true,"href":"https:\/\/syrc.hu\/eng\/wp-json\/wp\/v2\/users\/1"}],"replies":[{"embeddable":true,"href":"https:\/\/syrc.hu\/eng\/wp-json\/wp\/v2\/comments?post=129"}],"version-history":[{"count":11,"href":"https:\/\/syrc.hu\/eng\/wp-json\/wp\/v2\/pages\/129\/revisions"}],"predecessor-version":[{"id":261,"href":"https:\/\/syrc.hu\/eng\/wp-json\/wp\/v2\/pages\/129\/revisions\/261"}],"wp:attachment":[{"href":"https:\/\/syrc.hu\/eng\/wp-json\/wp\/v2\/media?parent=129"}],"curies":[{"name":"wp","href":"https:\/\/api.w.org\/{rel}","templated":true}]}}